{"id":71,"date":"2021-11-14T15:06:56","date_gmt":"2021-11-14T14:06:56","guid":{"rendered":"http:\/\/shiatsu05.fr\/?page_id=71"},"modified":"2022-01-24T12:32:13","modified_gmt":"2022-01-24T11:32:13","slug":"ventouses","status":"publish","type":"page","link":"https:\/\/shiatsu05.fr\/index.php\/ventouses\/","title":{"rendered":"Ventouses"},"content":{"rendered":"\n<p>     <\/p>\n\n\n<p>\u00a0<\/p>\n<p>\u00a0<\/p>\n\n\n<h1 class=\"has-large-font-size\"><strong><em><span style=\"color:#ca9b52\" class=\"has-inline-color\">Qu&rsquo;est ce que la technique des Ventouses<\/span><\/em><\/strong><\/h1>\n\n\n\n<p>La technique des ventouse fait partie des sp\u00e9cialit\u00e9s de la m\u00e9decine traditionnelle chinoise. Elle tend \u00e0 se d\u00e9mocratiser notamment gr\u00e2ce \u00e0 leur utilisation par des kin\u00e9sith\u00e9rapeutes et par de nombreux sportifs de haut niveau.<\/p>\n\n\n\n<p>La technique consiste \u00e0 appliquer des ventouses (en verre ou en plastique) sur des points pr\u00e9cis du corps, notamment des points d&rsquo;acupuncture ou directement sur les zones douloureuses.  <\/p>\n\n\n<p>\u00a0<\/p>\n<p>\u00a0<\/p>\n\n\n<p>Pour les ventouses \u00ab\u00a0\u00e0 chaud\u00a0\u00bb (en verre) le vide est obtenu gr\u00e2ce \u00e0 une flamme, pour les ventouses \u00ab\u00a0\u00e0 froid\u00a0\u00bb (en plastique) le vide est obtenu gr\u00e2ce \u00e0 une pompe \u00e0 air. <\/p>\n\n\n\n<p>Quelque soit la technique utilis\u00e9e, le vide cr\u00e9\u00e9 dans la ventouse va lui permettre d&rsquo;adh\u00e9rer \u00e0 la peau par un <strong>ph\u00e9nom\u00e8ne d&rsquo;aspiration<\/strong>. Celle-ci permettra aux ventouses d&rsquo;exercer leurs bienfaits gr\u00e2ce \u00e0 la <strong>dilatation des vaisseaux sanguins capillaires et des pores de la peau<\/strong>. Le sang et ses composants (nutriments, oxyg\u00e8ne, globules blancs, &#8230;) vont donc \u00eatre attir\u00e9s vers la zone cibl\u00e9e et exercer plus rapidement leur <strong>action r\u00e9paratrice et r\u00e9gulatrice<\/strong>. <\/p>\n\n\n<p>\u00a0<\/p>\n<p>\u00a0<\/p>\n\n\n<figure class=\"wp-block-gallery columns-2 is-cropped\"><ul class=\"blocks-gallery-grid\"><li class=\"blocks-gallery-item\"><figure><img loading=\"lazy\" width=\"1024\" height=\"683\" src=\"https:\/\/shiatsu05.fr\/wp-content\/uploads\/2022\/01\/AdobeStock_217896200-1024x683.jpeg\" alt=\"\" data-id=\"166\" data-link=\"https:\/\/shiatsu05.fr\/index.php\/ventouses\/traditional-chinese-medicine-treatment-acupuncture\/\" class=\"wp-image-166\" srcset=\"https:\/\/shiatsu05.fr\/wp-content\/uploads\/2022\/01\/AdobeStock_217896200-1024x683.jpeg 1024w, https:\/\/shiatsu05.fr\/wp-content\/uploads\/2022\/01\/AdobeStock_217896200-300x200.jpeg 300w, https:\/\/shiatsu05.fr\/wp-content\/uploads\/2022\/01\/AdobeStock_217896200-768x512.jpeg 768w, https:\/\/shiatsu05.fr\/wp-content\/uploads\/2022\/01\/AdobeStock_217896200-1536x1024.jpeg 1536w, https:\/\/shiatsu05.fr\/wp-content\/uploads\/2022\/01\/AdobeStock_217896200-2048x1365.jpeg 2048w, https:\/\/shiatsu05.fr\/wp-content\/uploads\/2022\/01\/AdobeStock_217896200-1140x760.jpeg 1140w\" sizes=\"(max-width: 1024px) 100vw, 1024px\" \/><figcaption class=\"blocks-gallery-item__caption\">ventouses \u00ab\u00a0chaudes\u00a0\u00bb<\/figcaption><\/figure><\/li><li class=\"blocks-gallery-item\"><figure><img loading=\"lazy\" width=\"1024\" height=\"683\" src=\"https:\/\/shiatsu05.fr\/wp-content\/uploads\/2022\/01\/AdobeStock_452628773-1024x683.jpeg\" alt=\"\" data-id=\"167\" data-full-url=\"https:\/\/shiatsu05.fr\/wp-content\/uploads\/2022\/01\/AdobeStock_452628773-scaled.jpeg\" data-link=\"https:\/\/shiatsu05.fr\/index.php\/ventouses\/woman-lying-on-her-chest-with-cupping-treatment-on-her-back-wom\/\" class=\"wp-image-167\" srcset=\"https:\/\/shiatsu05.fr\/wp-content\/uploads\/2022\/01\/AdobeStock_452628773-1024x683.jpeg 1024w, https:\/\/shiatsu05.fr\/wp-content\/uploads\/2022\/01\/AdobeStock_452628773-300x200.jpeg 300w, https:\/\/shiatsu05.fr\/wp-content\/uploads\/2022\/01\/AdobeStock_452628773-768x512.jpeg 768w, https:\/\/shiatsu05.fr\/wp-content\/uploads\/2022\/01\/AdobeStock_452628773-1536x1024.jpeg 1536w, https:\/\/shiatsu05.fr\/wp-content\/uploads\/2022\/01\/AdobeStock_452628773-2048x1365.jpeg 2048w, https:\/\/shiatsu05.fr\/wp-content\/uploads\/2022\/01\/AdobeStock_452628773-1140x760.jpeg 1140w\" sizes=\"(max-width: 1024px) 100vw, 1024px\" \/><figcaption class=\"blocks-gallery-item__caption\">ventouses \u00ab\u00a0\u00e0 froid\u00a0\u00bb<\/figcaption><\/figure><\/li><\/ul><\/figure>\n\n\n<p>\u00a0<\/p>\n<p>\u00a0<\/p>\n\n\n<p>Ainsi, si nous prenons l&rsquo;exemple des sportifs, l&rsquo;apport de sang et l&rsquo;action drainante exerc\u00e9s par les ventouses permettent d&rsquo;<strong>acc\u00e9l\u00e9rer la r\u00e9cup\u00e9ration musculaire<\/strong>. <\/p>\n\n\n<p>\u00a0<\/p>\n<p>\u00a0<\/p>\n\n\n<p>Dans les cas des<strong> douleurs de dos<\/strong>, la d\u00e9compression et l&rsquo;apport de sang va avoir un <strong>effet antalgique<\/strong>. <\/p>\n\n\n<p>\u00a0<\/p>\n<p>\u00a0<\/p>\n\n\n<p>Sur les <strong>bronchites<\/strong> et autres affections b\u00e9gnines de la sph\u00e8re ORL, la dilatation des pores et l&rsquo;apport de sang nutritif permettent de<strong> soulager les g\u00e8nes respiratoires<\/strong> ressenties et d&rsquo;acc\u00e9l\u00e9rer l&rsquo;action du syst\u00e8me immunitaire. <\/p>\n\n\n<p>\u00a0<\/p>\n<p>\u00a0<\/p>\n\n\n<p class=\"has-small-font-size\"><strong><em>ATTENTION :<\/em><\/strong> <strong><em>la pose des ventouses ne se substitue pas \u00e0 une consultation m\u00e9dicale. Elle aura en premier lieu un effet antalgique mais ne gu\u00e9rira pas l&rsquo;organe atteint.<\/em><\/strong> <\/p>\n\n\n<p>\u00a0<\/p>\n<p>\u00a0<\/p>\n\n\n<h1 class=\"has-large-font-size\"> <strong><em><span style=\"color:#ca9b52\" class=\"has-inline-color\">Les Bienfaits<\/span><\/em><\/strong><\/h1>\n\n\n\n<p>Les ventouses pr\u00e9sentent de nombreux bienfaits. La technique a notamment un <strong>effet drainant, antalgique, anti-inflammatoire, et de soutien du syst\u00e8me immunitaire et de la circulation sanguine<\/strong>. <\/p>\n\n\n\n<p>Ainsi, il est possible de r\u00e9aliser des s\u00e9ances dans les cas suivants: <\/p>\n\n\n<p>\u00a0<\/p>\n<p>\u00a0<\/p>\n\n\n<ul><li><strong>douleurs du dos<\/strong><\/li><li><strong>douleurs musculaires<\/strong><\/li><li><strong>tendinites<\/strong><\/li><li><strong>cellulite et peau d&rsquo;orange<\/strong><\/li><li><strong>drainage <\/strong><\/li><li><strong>d\u00e9toxification<\/strong><\/li><li><strong>affections respiratoires b\u00e9gnines (d\u00e8s les premiers jours, pour am\u00e9liorer l&rsquo;efficacit\u00e9 des ventouses)<\/strong><\/li><li><strong>troubles digestifs<\/strong><\/li><li><strong>r\u00e9cup\u00e9ration musculaire<\/strong><\/li><li><strong>d\u00e9tente et relaxation<\/strong><\/li><\/ul>\n\n\n\n<p class=\"has-small-font-size\"><\/p>\n\n\n<p>\u00a0<\/p>\n<p>\u00a0<\/p>\n\n\n<h1 class=\"has-large-font-size\"> <strong><em><span style=\"color:#ca9b52\" class=\"has-inline-color\">La S\u00e9ance<\/span><\/em><\/strong> <\/h1>\n\n\n\n<p>Le temps de pose des ventouses s&rsquo;\u00e9tend de <strong>2 \u00e0 30 minutes maximum<\/strong>. Les ventouses peuvent \u00eatre pos\u00e9es en statiques ou \u00eatre mobiles. La s\u00e9ance inclut des pratiques de shiatsu. <\/p>\n\n\n<p>\u00a0<\/p>\n<p>\u00a0<\/p>\n\n\n<p>La sensation est similaire \u00e0 un l\u00e9ger pincement de la peau mais la douleur peut \u00eatre plus pr\u00e9sente lors de pose de ventouses mobiles et sur les zones cellulitiques.  <\/p>\n\n\n\n<p><strong>Les ventouses peuvent laisser des traces<\/strong> sur le corps s&rsquo;apparentant \u00e0 des h\u00e9matomes circulaires, plus ou moins rouge. Ces traces peuvent s&rsquo;estomper en 2 \u00e0 15 jours. <\/p>\n\n\n<p>\u00a0<\/p>\n<p>\u00a0<\/p>\n\n\n<figure class=\"wp-block-gallery columns-2 is-cropped\"><ul class=\"blocks-gallery-grid\"><li class=\"blocks-gallery-item\"><figure><img loading=\"lazy\" width=\"1024\" height=\"683\" src=\"https:\/\/shiatsu05.fr\/wp-content\/uploads\/2022\/01\/AdobeStock_217896105-1024x683.jpeg\" alt=\"\" data-id=\"168\" data-full-url=\"https:\/\/shiatsu05.fr\/wp-content\/uploads\/2022\/01\/AdobeStock_217896105-scaled.jpeg\" data-link=\"https:\/\/shiatsu05.fr\/index.php\/ventouses\/traditional-chinese-medicine-treatment-acupuncture-2\/\" class=\"wp-image-168\" srcset=\"https:\/\/shiatsu05.fr\/wp-content\/uploads\/2022\/01\/AdobeStock_217896105-1024x683.jpeg 1024w, https:\/\/shiatsu05.fr\/wp-content\/uploads\/2022\/01\/AdobeStock_217896105-300x200.jpeg 300w, https:\/\/shiatsu05.fr\/wp-content\/uploads\/2022\/01\/AdobeStock_217896105-768x512.jpeg 768w, https:\/\/shiatsu05.fr\/wp-content\/uploads\/2022\/01\/AdobeStock_217896105-1536x1024.jpeg 1536w, https:\/\/shiatsu05.fr\/wp-content\/uploads\/2022\/01\/AdobeStock_217896105-2048x1365.jpeg 2048w, https:\/\/shiatsu05.fr\/wp-content\/uploads\/2022\/01\/AdobeStock_217896105-1140x760.jpeg 1140w\" sizes=\"(max-width: 1024px) 100vw, 1024px\" \/><\/figure><\/li><li class=\"blocks-gallery-item\"><figure><img loading=\"lazy\" width=\"1024\" height=\"683\" src=\"https:\/\/shiatsu05.fr\/wp-content\/uploads\/2022\/01\/AdobeStock_218497327-1024x683.jpeg\" alt=\"\" data-id=\"169\" data-full-url=\"https:\/\/shiatsu05.fr\/wp-content\/uploads\/2022\/01\/AdobeStock_218497327-scaled.jpeg\" data-link=\"https:\/\/shiatsu05.fr\/index.php\/ventouses\/traditional-chinese-medicine-treatment-acupuncture-3\/\" class=\"wp-image-169\" srcset=\"https:\/\/shiatsu05.fr\/wp-content\/uploads\/2022\/01\/AdobeStock_218497327-1024x683.jpeg 1024w, https:\/\/shiatsu05.fr\/wp-content\/uploads\/2022\/01\/AdobeStock_218497327-300x200.jpeg 300w, https:\/\/shiatsu05.fr\/wp-content\/uploads\/2022\/01\/AdobeStock_218497327-768x512.jpeg 768w, https:\/\/shiatsu05.fr\/wp-content\/uploads\/2022\/01\/AdobeStock_218497327-1536x1024.jpeg 1536w, https:\/\/shiatsu05.fr\/wp-content\/uploads\/2022\/01\/AdobeStock_218497327-2048x1365.jpeg 2048w, https:\/\/shiatsu05.fr\/wp-content\/uploads\/2022\/01\/AdobeStock_218497327-1140x760.jpeg 1140w\" sizes=\"(max-width: 1024px) 100vw, 1024px\" \/><\/figure><\/li><\/ul><\/figure>\n\n\n<p>\u00a0<\/p>\n<p>\u00a0<\/p>\n\n\n<h1 class=\"has-large-font-size\"> <strong><em><span style=\"color:#ca9b52\" class=\"has-inline-color\">Contre-indications<\/span><\/em><\/strong> <\/h1>\n\n\n\n<p>Bien que la technique des ventouses ne soit pas invasive et pr\u00e9sente peu de dangers, il est \u00e0 noter que certaines conditions emp\u00eachent sa pratique: <\/p>\n\n\n<p>\u00a0<\/p>\n<p>\u00a0<\/p>\n\n\n<ul><li>Prise d&rsquo;anti-coagulants<\/li><li>pathologie cardiaque s\u00e9v\u00e8re<\/li><li>an\u00e9mie s\u00e9v\u00e8re et\/ou chronique<\/li><li>op\u00e9ration r\u00e9cente de la zone \u00e0 traiter<\/li><li>\u00e9tat f\u00e9brile <\/li><li>femme enceinte<\/li><li>enfant de moins de 7 ans<\/li><li>personne de plus de 65 ans : \u00e0 discuter selon \u00e9tat g\u00e9n\u00e9ral<\/li><li>personne greff\u00e9e des reins<\/li><li>consommation r\u00e9cente d&rsquo;alcool<\/li><\/ul>\n\n\n<p>\u00a0<\/p>\n<p>\u00a0<\/p>\n\n\n<p>Les ventouses <strong>ne peuvent \u00eatre pos\u00e9es sur des varices<\/strong>, ainsi pour une s\u00e9ance de drainage ou anticellulite, les ventouses ne sont pas indiqu\u00e9es en cas de pr\u00e9sence importantes de varices. <\/p>\n\n\n<p>\u00a0<\/p>\n<p>\u00a0<\/p>\n\n\n<p><em><strong>En cas de doute, prenez conseil aupr\u00e8s de votre m\u00e9decin<\/strong><\/em><\/p>\n","protected":false},"excerpt":{"rendered":"<p>\u00a0 \u00a0 Qu&rsquo;est ce que la technique des Ventouses La technique des ventouse fait partie des sp\u00e9cialit\u00e9s de la m\u00e9decine traditionnelle chinoise. Elle tend \u00e0 se d\u00e9mocratiser notamment gr\u00e2ce \u00e0 leur utilisation par des kin\u00e9sith\u00e9rapeutes et par de nombreux sportifs de haut niveau. La technique consiste \u00e0 appliquer des ventouses (en verre ou en plastique) sur des points pr\u00e9cis du corps, notamment des points d&rsquo;acupuncture ou directement sur les zones douloureuses. \u00a0 \u00a0 Pour les ventouses \u00ab\u00a0\u00e0 chaud\u00a0\u00bb (en verre) le vide est obtenu gr\u00e2ce \u00e0 une flamme, pour les ventouses \u00ab\u00a0\u00e0 froid\u00a0\u00bb (en plastique) le vide est obtenu gr\u00e2ce \u00e0 une pompe \u00e0 air. Quelque soit la technique utilis\u00e9e, le vide cr\u00e9\u00e9 dans la ventouse va lui permettre d&rsquo;adh\u00e9rer \u00e0 la peau par un ph\u00e9nom\u00e8ne d&rsquo;aspiration. Celle-ci permettra aux ventouses d&rsquo;exercer leurs bienfaits gr\u00e2ce \u00e0 la dilatation des vaisseaux sanguins capillaires et des pores de la peau. Le sang et ses composants (nutriments, oxyg\u00e8ne, globules blancs, &#8230;) vont donc \u00eatre attir\u00e9s vers la zone cibl\u00e9e et exercer plus rapidement leur action r\u00e9paratrice et r\u00e9gulatrice. \u00a0 \u00a0 \u00a0 \u00a0 Ainsi, si nous prenons l&rsquo;exemple des sportifs, l&rsquo;apport de sang et l&rsquo;action drainante exerc\u00e9s par les ventouses permettent d&rsquo;acc\u00e9l\u00e9rer la r\u00e9cup\u00e9ration musculaire. \u00a0 \u00a0 Dans les cas des douleurs de dos, la d\u00e9compression et l&rsquo;apport de sang va avoir un effet antalgique. \u00a0 \u00a0 Sur les bronchites et autres affections b\u00e9gnines de la sph\u00e8re ORL, la dilatation des pores et l&rsquo;apport de sang nutritif permettent de soulager les g\u00e8nes respiratoires ressenties et d&rsquo;acc\u00e9l\u00e9rer l&rsquo;action du syst\u00e8me immunitaire. \u00a0 \u00a0 ATTENTION : la pose des ventouses ne se substitue pas \u00e0 une consultation m\u00e9dicale. Elle aura en premier lieu un effet antalgique mais ne gu\u00e9rira pas l&rsquo;organe atteint. \u00a0 \u00a0 Les Bienfaits Les ventouses pr\u00e9sentent de nombreux bienfaits. La technique a notamment un effet drainant, antalgique, anti-inflammatoire, et de soutien du syst\u00e8me immunitaire et de la circulation sanguine. Ainsi, il est possible de r\u00e9aliser des s\u00e9ances dans les cas suivants: \u00a0 \u00a0 douleurs du dos douleurs musculaires tendinites cellulite et peau d&rsquo;orange drainage d\u00e9toxification affections respiratoires b\u00e9gnines (d\u00e8s les premiers jours, pour am\u00e9liorer l&rsquo;efficacit\u00e9 des ventouses) troubles digestifs r\u00e9cup\u00e9ration musculaire d\u00e9tente et relaxation \u00a0 \u00a0 La S\u00e9ance Le temps de pose des ventouses s&rsquo;\u00e9tend de 2 \u00e0 30 minutes maximum. Les ventouses peuvent \u00eatre pos\u00e9es en statiques ou \u00eatre mobiles. La s\u00e9ance inclut des pratiques de shiatsu. \u00a0 \u00a0 La sensation est similaire \u00e0 un l\u00e9ger pincement de la peau mais la douleur peut \u00eatre plus pr\u00e9sente lors de pose de ventouses mobiles et sur les zones cellulitiques. Les ventouses peuvent laisser des traces sur le corps s&rsquo;apparentant \u00e0 des h\u00e9matomes circulaires, plus ou moins rouge. Ces traces peuvent s&rsquo;estomper en 2 \u00e0 15 jours. \u00a0 \u00a0 \u00a0 \u00a0 Contre-indications Bien que la technique des ventouses ne soit pas invasive et pr\u00e9sente peu de dangers, il est \u00e0 noter que certaines conditions emp\u00eachent sa pratique: \u00a0 \u00a0 Prise d&rsquo;anti-coagulants pathologie cardiaque s\u00e9v\u00e8re an\u00e9mie s\u00e9v\u00e8re et\/ou chronique op\u00e9ration r\u00e9cente de la zone \u00e0 traiter \u00e9tat f\u00e9brile femme enceinte enfant de moins de 7 ans personne de plus de 65 ans : \u00e0 discuter selon \u00e9tat g\u00e9n\u00e9ral personne greff\u00e9e des reins consommation r\u00e9cente d&rsquo;alcool \u00a0 \u00a0 Les ventouses ne peuvent \u00eatre pos\u00e9es sur des varices, ainsi pour une s\u00e9ance de drainage ou anticellulite, les ventouses ne sont pas indiqu\u00e9es en cas de pr\u00e9sence importantes de varices. \u00a0 \u00a0 En cas de doute, prenez conseil aupr\u00e8s de votre m\u00e9decin<\/p>\n","protected":false},"author":1,"featured_media":0,"parent":0,"menu_order":0,"comment_status":"closed","ping_status":"closed","template":"","meta":[],"_links":{"self":[{"href":"https:\/\/shiatsu05.fr\/index.php\/wp-json\/wp\/v2\/pages\/71"}],"collection":[{"href":"https:\/\/shiatsu05.fr\/index.php\/wp-json\/wp\/v2\/pages"}],"about":[{"href":"https:\/\/shiatsu05.fr\/index.php\/wp-json\/wp\/v2\/types\/page"}],"author":[{"embeddable":true,"href":"https:\/\/shiatsu05.fr\/index.php\/wp-json\/wp\/v2\/users\/1"}],"replies":[{"embeddable":true,"href":"https:\/\/shiatsu05.fr\/index.php\/wp-json\/wp\/v2\/comments?post=71"}],"version-history":[{"count":4,"href":"https:\/\/shiatsu05.fr\/index.php\/wp-json\/wp\/v2\/pages\/71\/revisions"}],"predecessor-version":[{"id":177,"href":"https:\/\/shiatsu05.fr\/index.php\/wp-json\/wp\/v2\/pages\/71\/revisions\/177"}],"wp:attachment":[{"href":"https:\/\/shiatsu05.fr\/index.php\/wp-json\/wp\/v2\/media?parent=71"}],"curies":[{"name":"wp","href":"https:\/\/api.w.org\/{rel}","templated":true}]}}